{"id":49,"date":"2024-12-27T14:37:15","date_gmt":"2024-12-27T14:37:15","guid":{"rendered":"https:\/\/camingo.hr\/?page_id=49"},"modified":"2024-12-28T15:47:39","modified_gmt":"2024-12-28T15:47:39","slug":"home","status":"publish","type":"page","link":"https:\/\/camingo.hr\/","title":{"rendered":"Home"},"content":{"rendered":"\t\t<div data-elementor-type=\"wp-page\" data-elementor-id=\"49\" class=\"elementor elementor-49\" data-elementor-post-type=\"page\">\n\t\t\t\t<div class=\"elementor-element elementor-element-39b3102e e-flex e-con-boxed e-con e-parent\" data-id=\"39b3102e\" data-element_type=\"container\" data-e-type=\"container\" data-settings=\"{&quot;background_background&quot;:&quot;classic&quot;}\">\n\t\t\t\t\t<div class=\"e-con-inner\">\n\t\t\t\t\t<\/div>\n\t\t\t\t<\/div>\n\t\t<div class=\"elementor-element elementor-element-2b2beba8 e-flex e-con-boxed e-con e-parent\" data-id=\"2b2beba8\" data-element_type=\"container\" data-e-type=\"container\">\n\t\t\t\t\t<div class=\"e-con-inner\">\n\t\t<div class=\"elementor-element elementor-element-25b3a2c5 e-con-full e-flex e-con e-child\" data-id=\"25b3a2c5\" data-element_type=\"container\" data-e-type=\"container\">\n\t\t\t\t<div class=\"elementor-element elementor-element-7fc1e434 elementor-widget elementor-widget-heading\" data-id=\"7fc1e434\" data-element_type=\"widget\" data-e-type=\"widget\" data-widget_type=\"heading.default\">\n\t\t\t\t<div class=\"elementor-widget-container\">\n\t\t\t\t\t<h5 class=\"elementor-heading-title elementor-size-default\">Camingo je agencija za poslovno savjetovanje i digitalni marketing.<br>U nastavku je pregled dijela asortimana na\u0161ih usluga<\/h5>\t\t\t\t<\/div>\n\t\t\t\t<\/div>\n\t\t\t\t<\/div>\n\t\t<div class=\"elementor-element elementor-element-48485263 e-con-full e-flex e-con e-child\" data-id=\"48485263\" data-element_type=\"container\" data-e-type=\"container\">\n\t\t\t\t<div class=\"elementor-element elementor-element-50cfbb1b elementor-widget-tablet__width-initial elementor-widget-mobile__width-inherit elementor-widget__width-initial elementor-position-top elementor-widget elementor-widget-image-box\" data-id=\"50cfbb1b\" data-element_type=\"widget\" data-e-type=\"widget\" data-widget_type=\"image-box.default\">\n\t\t\t\t<div class=\"elementor-widget-container\">\n\t\t\t\t\t<div class=\"elementor-image-box-wrapper\"><figure class=\"elementor-image-box-img\"><a href=\"https:\/\/library.elementor.com\/local-services-wireframe-1-flexbox\/services\/#service_1\" tabindex=\"-1\"><img fetchpriority=\"high\" decoding=\"async\" width=\"1500\" height=\"1262\" src=\"https:\/\/camingo.hr\/wp-content\/uploads\/2024\/12\/image-6.jpg\" class=\"elementor-animation-grow attachment-full size-full wp-image-151\" alt=\"\" srcset=\"https:\/\/camingo.hr\/wp-content\/uploads\/2024\/12\/image-6.jpg 1500w, https:\/\/camingo.hr\/wp-content\/uploads\/2024\/12\/image-6-300x252.jpg 300w, https:\/\/camingo.hr\/wp-content\/uploads\/2024\/12\/image-6-1024x862.jpg 1024w, https:\/\/camingo.hr\/wp-content\/uploads\/2024\/12\/image-6-768x646.jpg 768w\" sizes=\"(max-width: 1500px) 100vw, 1500px\" \/><\/a><\/figure><div class=\"elementor-image-box-content\"><h4 class=\"elementor-image-box-title\"><a href=\"https:\/\/library.elementor.com\/local-services-wireframe-1-flexbox\/services\/#service_1\">Edukacija<\/a><\/h4><p class=\"elementor-image-box-description\">inovativna online platforma za edukaciju u turizmu<\/p><\/div><\/div>\t\t\t\t<\/div>\n\t\t\t\t<\/div>\n\t\t\t\t<div class=\"elementor-element elementor-element-64803ab5 elementor-widget-tablet__width-initial elementor-widget-mobile__width-inherit elementor-widget__width-initial elementor-position-top elementor-widget elementor-widget-image-box\" data-id=\"64803ab5\" data-element_type=\"widget\" data-e-type=\"widget\" data-widget_type=\"image-box.default\">\n\t\t\t\t<div class=\"elementor-widget-container\">\n\t\t\t\t\t<div class=\"elementor-image-box-wrapper\"><figure class=\"elementor-image-box-img\"><a href=\"https:\/\/library.elementor.com\/local-services-wireframe-1-flexbox\/services\/#service_2\" tabindex=\"-1\"><img decoding=\"async\" src=\"https:\/\/camingo.hr\/wp-content\/uploads\/2024\/12\/image-9.jpg\" title=\"\" alt=\"\" class=\"elementor-animation-grow\" loading=\"lazy\" \/><\/a><\/figure><div class=\"elementor-image-box-content\"><h4 class=\"elementor-image-box-title\"><a href=\"https:\/\/library.elementor.com\/local-services-wireframe-1-flexbox\/services\/#service_2\">Web<\/a><\/h4><p class=\"elementor-image-box-description\">web rje\u0161enja fokusirana na potrebe korisnika<\/p><\/div><\/div>\t\t\t\t<\/div>\n\t\t\t\t<\/div>\n\t\t\t\t<div class=\"elementor-element elementor-element-3538b6ef elementor-widget-tablet__width-initial elementor-widget-mobile__width-inherit elementor-widget__width-initial elementor-position-top elementor-widget elementor-widget-image-box\" data-id=\"3538b6ef\" data-element_type=\"widget\" data-e-type=\"widget\" data-widget_type=\"image-box.default\">\n\t\t\t\t<div class=\"elementor-widget-container\">\n\t\t\t\t\t<div class=\"elementor-image-box-wrapper\"><figure class=\"elementor-image-box-img\"><a href=\"https:\/\/library.elementor.com\/local-services-wireframe-1-flexbox\/services\/#service_3\" tabindex=\"-1\"><img decoding=\"async\" width=\"1500\" height=\"1262\" src=\"https:\/\/camingo.hr\/wp-content\/uploads\/2024\/12\/image-7.jpg\" class=\"elementor-animation-grow attachment-full size-full wp-image-156\" alt=\"\" srcset=\"https:\/\/camingo.hr\/wp-content\/uploads\/2024\/12\/image-7.jpg 1500w, https:\/\/camingo.hr\/wp-content\/uploads\/2024\/12\/image-7-300x252.jpg 300w, https:\/\/camingo.hr\/wp-content\/uploads\/2024\/12\/image-7-1024x862.jpg 1024w, https:\/\/camingo.hr\/wp-content\/uploads\/2024\/12\/image-7-768x646.jpg 768w\" sizes=\"(max-width: 1500px) 100vw, 1500px\" \/><\/a><\/figure><div class=\"elementor-image-box-content\"><h4 class=\"elementor-image-box-title\"><a href=\"https:\/\/library.elementor.com\/local-services-wireframe-1-flexbox\/services\/#service_3\">Google Maps<\/a><\/h4><p class=\"elementor-image-box-description\">Kako do vi\u0161e kupaca i klijenata kroz Google Maps optimizaciju<\/p><\/div><\/div>\t\t\t\t<\/div>\n\t\t\t\t<\/div>\n\t\t\t\t<div class=\"elementor-element elementor-element-7d66454f elementor-widget-tablet__width-initial elementor-widget-mobile__width-inherit elementor-widget__width-initial elementor-position-top elementor-widget elementor-widget-image-box\" data-id=\"7d66454f\" data-element_type=\"widget\" data-e-type=\"widget\" data-widget_type=\"image-box.default\">\n\t\t\t\t<div class=\"elementor-widget-container\">\n\t\t\t\t\t<div class=\"elementor-image-box-wrapper\"><figure class=\"elementor-image-box-img\"><a href=\"https:\/\/library.elementor.com\/local-services-wireframe-1-flexbox\/services\/#service_4\" tabindex=\"-1\"><img decoding=\"async\" width=\"1500\" height=\"1262\" src=\"https:\/\/camingo.hr\/wp-content\/uploads\/2024\/12\/image-8.jpg\" class=\"elementor-animation-grow attachment-full size-full wp-image-157\" alt=\"\" srcset=\"https:\/\/camingo.hr\/wp-content\/uploads\/2024\/12\/image-8.jpg 1500w, https:\/\/camingo.hr\/wp-content\/uploads\/2024\/12\/image-8-300x252.jpg 300w, https:\/\/camingo.hr\/wp-content\/uploads\/2024\/12\/image-8-1024x862.jpg 1024w, https:\/\/camingo.hr\/wp-content\/uploads\/2024\/12\/image-8-768x646.jpg 768w\" sizes=\"(max-width: 1500px) 100vw, 1500px\" \/><\/a><\/figure><div class=\"elementor-image-box-content\"><h4 class=\"elementor-image-box-title\"><a href=\"https:\/\/library.elementor.com\/local-services-wireframe-1-flexbox\/services\/#service_4\">Marketing<\/a><\/h4><p class=\"elementor-image-box-description\">Razvoj proizvoda, upravljanje projektima, ciljana promocija ... <\/p><\/div><\/div>\t\t\t\t<\/div>\n\t\t\t\t<\/div>\n\t\t\t\t<\/div>\n\t\t\t\t\t<\/div>\n\t\t\t\t<\/div>\n\t\t<div class=\"elementor-element elementor-element-37f4352a e-flex e-con-boxed e-con e-parent\" data-id=\"37f4352a\" data-element_type=\"container\" data-e-type=\"container\">\n\t\t\t\t\t<div class=\"e-con-inner\">\n\t\t<div class=\"elementor-element elementor-element-6a433606 e-con-full e-flex e-con e-child\" data-id=\"6a433606\" data-element_type=\"container\" data-e-type=\"container\">\n\t\t\t\t<div class=\"elementor-element elementor-element-ad91363 elementor-widget elementor-widget-heading\" data-id=\"ad91363\" data-element_type=\"widget\" data-e-type=\"widget\" data-widget_type=\"heading.default\">\n\t\t\t\t<div class=\"elementor-widget-container\">\n\t\t\t\t\t<h2 class=\"elementor-heading-title elementor-size-default\">Fokus na rezultate<\/h2>\t\t\t\t<\/div>\n\t\t\t\t<\/div>\n\t\t\t\t<div class=\"elementor-element elementor-element-bae6c1c elementor-widget elementor-widget-text-editor\" data-id=\"bae6c1c\" data-element_type=\"widget\" data-e-type=\"widget\" data-widget_type=\"text-editor.default\">\n\t\t\t\t<div class=\"elementor-widget-container\">\n\t\t\t\t\t\t\t\t\t<p>Poma\u017eemo vam ostvaritiva\u0161e poslovne ciljeve kroz digitalni marketing.\u00a0\u00a0<\/p>\t\t\t\t\t\t\t\t<\/div>\n\t\t\t\t<\/div>\n\t\t\t\t<div class=\"elementor-element elementor-element-3253f9d8 elementor-widget-mobile__width-inherit elementor-invisible elementor-widget elementor-widget-button\" data-id=\"3253f9d8\" data-element_type=\"widget\" data-e-type=\"widget\" data-settings=\"{&quot;_animation&quot;:&quot;fadeInDown&quot;}\" data-widget_type=\"button.default\">\n\t\t\t\t<div class=\"elementor-widget-container\">\n\t\t\t\t\t\t\t\t\t<div class=\"elementor-button-wrapper\">\n\t\t\t\t\t<a class=\"elementor-button elementor-button-link elementor-size-sm\" href=\"https:\/\/camingo.hr\/?page_id=35\">\n\t\t\t\t\t\t<span class=\"elementor-button-content-wrapper\">\n\t\t\t\t\t\t\t\t\t<span class=\"elementor-button-text\">Kontakt<\/span>\n\t\t\t\t\t<\/span>\n\t\t\t\t\t<\/a>\n\t\t\t\t<\/div>\n\t\t\t\t\t\t\t\t<\/div>\n\t\t\t\t<\/div>\n\t\t\t\t<\/div>\n\t\t<div class=\"elementor-element elementor-element-23fc28a4 e-con-full e-flex e-con e-child\" data-id=\"23fc28a4\" data-element_type=\"container\" data-e-type=\"container\" data-settings=\"{&quot;background_background&quot;:&quot;classic&quot;}\">\n\t\t\t\t<div class=\"elementor-element elementor-element-246a9496 elementor-widget elementor-widget-image\" data-id=\"246a9496\" data-element_type=\"widget\" data-e-type=\"widget\" data-widget_type=\"image.default\">\n\t\t\t\t<div class=\"elementor-widget-container\">\n\t\t\t\t\t\t\t\t\t\t\t\t\t\t\t<img loading=\"lazy\" decoding=\"async\" width=\"1500\" height=\"815\" src=\"https:\/\/camingo.hr\/wp-content\/uploads\/2024\/12\/image-2.jpg\" class=\"attachment-full size-full wp-image-138\" alt=\"\" srcset=\"https:\/\/camingo.hr\/wp-content\/uploads\/2024\/12\/image-2.jpg 1500w, https:\/\/camingo.hr\/wp-content\/uploads\/2024\/12\/image-2-300x163.jpg 300w, https:\/\/camingo.hr\/wp-content\/uploads\/2024\/12\/image-2-1024x556.jpg 1024w, https:\/\/camingo.hr\/wp-content\/uploads\/2024\/12\/image-2-768x417.jpg 768w\" sizes=\"(max-width: 1500px) 100vw, 1500px\" \/>\t\t\t\t\t\t\t\t\t\t\t\t\t\t\t<\/div>\n\t\t\t\t<\/div>\n\t\t\t\t<\/div>\n\t\t\t\t\t<\/div>\n\t\t\t\t<\/div>\n\t\t\t\t<\/div>\n\t\t","protected":false},"excerpt":{"rendered":"<p>Camingo je agencija za poslovno savjetovanje i digitalni marketing.U nastavku je pregled dijela asortimana na\u0161ih usluga Edukacija inovativna online platforma za edukaciju u turizmu Web web rje\u0161enja fokusirana na potrebe korisnika Google Maps Kako do vi\u0161e kupaca i klijenata kroz Google Maps optimizaciju Marketing Razvoj proizvoda, upravljanje projektima, ciljana promocija &#8230; Fokus na rezultate Poma\u017eemo [&hellip;]<\/p>\n","protected":false},"author":1,"featured_media":0,"parent":0,"menu_order":0,"comment_status":"closed","ping_status":"closed","template":"elementor_header_footer","meta":{"footnotes":""},"class_list":["post-49","page","type-page","status-publish","hentry"],"_links":{"self":[{"href":"https:\/\/camingo.hr\/index.php?rest_route=\/wp\/v2\/pages\/49","targetHints":{"allow":["GET"]}}],"collection":[{"href":"https:\/\/camingo.hr\/index.php?rest_route=\/wp\/v2\/pages"}],"about":[{"href":"https:\/\/camingo.hr\/index.php?rest_route=\/wp\/v2\/types\/page"}],"author":[{"embeddable":true,"href":"https:\/\/camingo.hr\/index.php?rest_route=\/wp\/v2\/users\/1"}],"replies":[{"embeddable":true,"href":"https:\/\/camingo.hr\/index.php?rest_route=%2Fwp%2Fv2%2Fcomments&post=49"}],"version-history":[{"count":19,"href":"https:\/\/camingo.hr\/index.php?rest_route=\/wp\/v2\/pages\/49\/revisions"}],"predecessor-version":[{"id":168,"href":"https:\/\/camingo.hr\/index.php?rest_route=\/wp\/v2\/pages\/49\/revisions\/168"}],"wp:attachment":[{"href":"https:\/\/camingo.hr\/index.php?rest_route=%2Fwp%2Fv2%2Fmedia&parent=49"}],"curies":[{"name":"wp","href":"https:\/\/api.w.org\/{rel}","templated":true}]}}